{"id":3759,"date":"2026-02-17T11:10:03","date_gmt":"2026-02-17T11:10:03","guid":{"rendered":"https:\/\/www.chickencolours.com\/?page_id=3759"},"modified":"2026-02-17T18:12:33","modified_gmt":"2026-02-17T18:12:33","slug":"genetica-de-los-colores-de-las-gallinas","status":"publish","type":"page","link":"https:\/\/www.chickencolours.com\/index.php\/genetica-de-los-colores-de-las-gallinas\/","title":{"rendered":"Gen\u00e9tica de los Colores de las Gallinas Espa\u00f1ol"},"content":{"rendered":"\n<div class=\"wp-block-media-text alignwide is-stacked-on-mobile\"><figure class=\"wp-block-media-text__media\"><img decoding=\"async\" loading=\"lazy\" width=\"634\" height=\"800\" src=\"https:\/\/www.chickencolours.com\/wp-content\/uploads\/2026\/02\/Boek-in-doos-Spaans-Colours-x-1.jpg\" alt=\"\" class=\"wp-image-3761 size-full\" srcset=\"https:\/\/www.chickencolours.com\/wp-content\/uploads\/2026\/02\/Boek-in-doos-Spaans-Colours-x-1.jpg 634w, https:\/\/www.chickencolours.com\/wp-content\/uploads\/2026\/02\/Boek-in-doos-Spaans-Colours-x-1-238x300.jpg 238w\" sizes=\"(max-width: 634px) 100vw, 634px\" \/><\/figure><div class=\"wp-block-media-text__content\">\n<p>Este es el famoso libro sobre gen\u00e9tica del color, ahora tambi\u00e9n disponible en espa\u00f1ol. La edici\u00f3n espa\u00f1ola tiene 228 p\u00e1ginas y se basa en el libro de tapa blanda y en la edici\u00f3n ampliada en ingl\u00e9s. Esto significa que es diferente del libro de tapa blanda en ingl\u00e9s. Tambi\u00e9n incluye explicaciones adicionales.<\/p>\n\n\n\n<p>Precio: Libro 75 \u20ac + 2 \u20ac de embalaje<br>Gastos de env\u00edo a Europa (Espa\u00f1a):<br>11,75 \u20ac, total 88,75 \u20ac<br>Gastos de env\u00edo al resto del mundo:<br>26,50 \u20ac, total 103,50 \u20ac<br><strong>Espa\u00f1a: solicite mi n\u00famero IBAN\/Wero si no tiene PayPal.<\/strong><\/p>\n<\/div><\/div>\n\n\n\n<p><strong>Gen\u00e9tica del color espa\u00f1ol, EUROPA<\/strong> &#8211; Gastos de env\u00edo a Europa (Espa\u00f1a): 11,75 \u20ac, <br><strong>total 88,75 \u20ac<\/strong><br> <\/p>\n\n\n\n<form action=\"https:\/\/www.paypal.com\/cgi-bin\/webscr\" method=\"post\" target=\"_top\">\n  <input type=\"hidden\" name=\"cmd\" value=\"_s-xclick\">\n  <input type=\"hidden\" name=\"hosted_button_id\" value=\"ZVKGLZ5UMNTXG\">\n  <input type=\"hidden\" name=\"currency_code\" value=\"EUR\">\n  <input type=\"image\" src=\"https:\/\/www.paypalobjects.com\/es_ES\/i\/btn\/btn_buynowCC_LG.gif\" border=\"0\" name=\"submit\" title=\"PayPal - The safer, easier way to pay online!\" alt=\"Buy Now\">\n<\/form>\n\n\n\n<hr class=\"wp-block-separator has-alpha-channel-opacity is-style-wide\"\/>\n\n\n\n<p><strong>Gen\u00e9tica del color espa\u00f1ol, MUNDO &#8211; <\/strong>Gastos de env\u00edo al resto del mundo: 26,50 \u20ac, <br><strong>total 103,50 \u20ac.<\/strong><\/p>\n\n\n\n<form action=\"https:\/\/www.paypal.com\/cgi-bin\/webscr\" method=\"post\" target=\"_top\">\n  <input type=\"hidden\" name=\"cmd\" value=\"_s-xclick\">\n  <input type=\"hidden\" name=\"hosted_button_id\" value=\"NFSYGCTGECSZA\">\n  <input type=\"hidden\" name=\"currency_code\" value=\"EUR\">\n  <input type=\"image\" src=\"https:\/\/www.paypalobjects.com\/es_ES\/i\/btn\/btn_buynowCC_LG.gif\" border=\"0\" name=\"submit\" title=\"PayPal - The safer, easier way to pay online!\" alt=\"Buy Now\">\n<\/form>\n\n\n\n<hr class=\"wp-block-separator has-alpha-channel-opacity is-style-wide\"\/>\n\n\n\n<p>Compruebe su cuenta de PayPal o bancaria para ver si se ha enviado el dinero. No hay p\u00e1gina de retorno despu\u00e9s del pago.<br><\/p>\n\n\n\n<figure class=\"wp-block-embed is-type-video is-provider-youtube wp-block-embed-youtube wp-embed-aspect-16-9 wp-has-aspect-ratio\"><div class=\"wp-block-embed__wrapper\">\n<iframe loading=\"lazy\" title=\"NUEVO Gene\u0301tica de los colores de las gallinas 2026\" width=\"525\" height=\"295\" src=\"https:\/\/www.youtube.com\/embed\/qU10GoObcpk?feature=oembed\" frameborder=\"0\" allow=\"accelerometer; autoplay; clipboard-write; encrypted-media; gyroscope; picture-in-picture; web-share\" referrerpolicy=\"strict-origin-when-cross-origin\" allowfullscreen><\/iframe>\n<\/div><\/figure>\n","protected":false},"excerpt":{"rendered":"<p>Este es el famoso libro sobre gen\u00e9tica del color, ahora tambi\u00e9n disponible en espa\u00f1ol. La edici\u00f3n espa\u00f1ola tiene 228 p\u00e1ginas y se basa en el libro de tapa blanda y en la edici\u00f3n ampliada en ingl\u00e9s. Esto significa que es diferente del libro de tapa blanda en ingl\u00e9s. Tambi\u00e9n incluye explicaciones adicionales. Precio: Libro 75 &hellip; <\/p>\n<p class=\"link-more\"><a href=\"https:\/\/www.chickencolours.com\/index.php\/genetica-de-los-colores-de-las-gallinas\/\" class=\"more-link\">Continue reading<span class=\"screen-reader-text\"> &#8220;Gen\u00e9tica de los Colores de las Gallinas Espa\u00f1ol&#8221;<\/span><\/a><\/p>\n","protected":false},"author":1,"featured_media":0,"parent":0,"menu_order":0,"comment_status":"closed","ping_status":"closed","template":"","meta":[],"_links":{"self":[{"href":"https:\/\/www.chickencolours.com\/index.php\/wp-json\/wp\/v2\/pages\/3759"}],"collection":[{"href":"https:\/\/www.chickencolours.com\/index.php\/wp-json\/wp\/v2\/pages"}],"about":[{"href":"https:\/\/www.chickencolours.com\/index.php\/wp-json\/wp\/v2\/types\/page"}],"author":[{"embeddable":true,"href":"https:\/\/www.chickencolours.com\/index.php\/wp-json\/wp\/v2\/users\/1"}],"replies":[{"embeddable":true,"href":"https:\/\/www.chickencolours.com\/index.php\/wp-json\/wp\/v2\/comments?post=3759"}],"version-history":[{"count":6,"href":"https:\/\/www.chickencolours.com\/index.php\/wp-json\/wp\/v2\/pages\/3759\/revisions"}],"predecessor-version":[{"id":3768,"href":"https:\/\/www.chickencolours.com\/index.php\/wp-json\/wp\/v2\/pages\/3759\/revisions\/3768"}],"wp:attachment":[{"href":"https:\/\/www.chickencolours.com\/index.php\/wp-json\/wp\/v2\/media?parent=3759"}],"curies":[{"name":"wp","href":"https:\/\/api.w.org\/{rel}","templated":true}]}}