{"id":3187,"date":"2024-06-12T10:17:25","date_gmt":"2024-06-12T10:17:25","guid":{"rendered":"https:\/\/www.chickencolours.com\/?page_id=3187"},"modified":"2026-03-18T08:46:14","modified_gmt":"2026-03-18T08:46:14","slug":"el-libro-de-brahma-en-espanol-1a-edicion","status":"publish","type":"page","link":"https:\/\/www.chickencolours.com\/index.php\/el-libro-de-brahma-en-espanol-1a-edicion\/","title":{"rendered":"El libro de Brahma en espa\u00f1ol"},"content":{"rendered":"\n<p><\/p>\n\n\n\n<div class=\"is-layout-flex wp-container-3 wp-block-columns\">\n<div class=\"is-layout-flow wp-block-column\" style=\"flex-basis:33.33%\">\n<figure class=\"wp-block-image size-full\"><img decoding=\"async\" loading=\"lazy\" width=\"349\" height=\"500\" src=\"https:\/\/www.chickencolours.com\/wp-content\/uploads\/2024\/06\/Cover-ES-Brahma-klein.jpg\" alt=\"\" class=\"wp-image-3193\" srcset=\"https:\/\/www.chickencolours.com\/wp-content\/uploads\/2024\/06\/Cover-ES-Brahma-klein.jpg 349w, https:\/\/www.chickencolours.com\/wp-content\/uploads\/2024\/06\/Cover-ES-Brahma-klein-209x300.jpg 209w\" sizes=\"(max-width: 349px) 100vw, 349px\" \/><\/figure>\n<\/div>\n\n\n\n<div class=\"is-layout-flow wp-block-column\" style=\"flex-basis:66.66%\">\n<p>El libro&nbsp;<strong>Brahma y los enanos<\/strong>, en espa\u00f1ol, para criadores hispanohablantes que quieran tener el libro aut\u00e9ntico.<\/p>\n\n\n\n<p>Puedes ver fotos de la edici\u00f3n en ingl\u00e9s.<\/p>\n\n\n\n<p>Libro en r\u00fastica con cubierta dura laminada brillante: 90 \u20ac.<\/p>\n\n\n\n<p>Gastos de env\u00edo internacional para 2 kg: 38 \u20ac.<\/p>\n\n\n\n<p>(El libro pesa casi 1,5 kg).<\/p>\n\n\n\n<p><strong>Por lo tanto, el costo total del libro es de 128 \u20ac.<\/strong><\/p>\n\n\n\n<p>Por principio, no env\u00edo a Costa Rica debido al estafador E. Venegas Bol\u00edvar, quien destroz\u00f3 mi libro con una traducci\u00f3n de Google completamente sin sentido e ilegal (que infringe los derechos de autor) y est\u00e1 intentando venderlo al mismo precio que mi libro original con la traducci\u00f3n correcta, que es esencial para la secci\u00f3n de gen\u00e9tica.<\/p>\n\n\n\n<p>Para la gen\u00e9tica del color, \u00e9chale un vistazo al nuevo <strong>Gen\u00e9tica de los colores de las Gallinas<\/strong>, la edici\u00f3n en espa\u00f1ol del libro ampliado sobre gen\u00e9tica del color.<\/p>\n\n\n\n<p>Para organizar un env\u00edo a Espa\u00f1a, cont\u00e1ctame para que te d\u00e9 el n\u00famero IBAN o WERO del banco.<\/p>\n\n\n\n<p><strong>Los gastos de env\u00edo a Espa\u00f1a y al resto de Europa son de 15 \u20ac.<\/strong><\/p>\n<\/div>\n<\/div>\n\n\n\n<p><\/p>\n\n\n\n<p><strong>Compra ahora el libro Brahma espa\u00f1ol (env\u00edo a todo el mundo):<\/strong><\/p>\n\n\n\n<form action=\"https:\/\/www.paypal.com\/cgi-bin\/webscr\" method=\"post\" target=\"_top\">\n  <input type=\"hidden\" name=\"cmd\" value=\"_s-xclick\">\n  <input type=\"hidden\" name=\"hosted_button_id\" value=\"R3EXKTPTVMP66\">\n  <input type=\"hidden\" name=\"currency_code\" value=\"EUR\">\n  <input type=\"image\" src=\"https:\/\/www.paypalobjects.com\/en_US\/NL\/i\/btn\/btn_buynowCC_LG.gif\" border=\"0\" name=\"submit\" title=\"PayPal - The safer, easier way to pay online!\" alt=\"Buy Now\">\n<\/form>\n\n\n\n<p><\/p>\n","protected":false},"excerpt":{"rendered":"<p>El libro&nbsp;Brahma y los enanos, en espa\u00f1ol, para criadores hispanohablantes que quieran tener el libro aut\u00e9ntico. Puedes ver fotos de la edici\u00f3n en ingl\u00e9s. Libro en r\u00fastica con cubierta dura laminada brillante: 90 \u20ac. Gastos de env\u00edo internacional para 2 kg: 38 \u20ac. (El libro pesa casi 1,5 kg). Por lo tanto, el costo total &hellip; <\/p>\n<p class=\"link-more\"><a href=\"https:\/\/www.chickencolours.com\/index.php\/el-libro-de-brahma-en-espanol-1a-edicion\/\" class=\"more-link\">Continue reading<span class=\"screen-reader-text\"> &#8220;El libro de Brahma en espa\u00f1ol&#8221;<\/span><\/a><\/p>\n","protected":false},"author":1,"featured_media":0,"parent":0,"menu_order":0,"comment_status":"closed","ping_status":"closed","template":"","meta":[],"_links":{"self":[{"href":"https:\/\/www.chickencolours.com\/index.php\/wp-json\/wp\/v2\/pages\/3187"}],"collection":[{"href":"https:\/\/www.chickencolours.com\/index.php\/wp-json\/wp\/v2\/pages"}],"about":[{"href":"https:\/\/www.chickencolours.com\/index.php\/wp-json\/wp\/v2\/types\/page"}],"author":[{"embeddable":true,"href":"https:\/\/www.chickencolours.com\/index.php\/wp-json\/wp\/v2\/users\/1"}],"replies":[{"embeddable":true,"href":"https:\/\/www.chickencolours.com\/index.php\/wp-json\/wp\/v2\/comments?post=3187"}],"version-history":[{"count":19,"href":"https:\/\/www.chickencolours.com\/index.php\/wp-json\/wp\/v2\/pages\/3187\/revisions"}],"predecessor-version":[{"id":3772,"href":"https:\/\/www.chickencolours.com\/index.php\/wp-json\/wp\/v2\/pages\/3187\/revisions\/3772"}],"wp:attachment":[{"href":"https:\/\/www.chickencolours.com\/index.php\/wp-json\/wp\/v2\/media?parent=3187"}],"curies":[{"name":"wp","href":"https:\/\/api.w.org\/{rel}","templated":true}]}}