{"id":2891,"date":"2023-03-08T08:59:28","date_gmt":"2023-03-08T08:59:28","guid":{"rendered":"https:\/\/www.chickencolours.com\/?page_id=2891"},"modified":"2024-04-10T13:28:08","modified_gmt":"2024-04-10T13:28:08","slug":"artikel","status":"publish","type":"page","link":"https:\/\/www.chickencolours.com\/index.php\/artikel\/","title":{"rendered":"Artikel &#8211; Deutsch"},"content":{"rendered":"\n<p>Artikel \u00fcber H\u00fchnerfarben., siehe auch das Buch Genetik der H\u00fchnerfarben.<\/p>\n\n\n\n<p><\/p>\n\n\n\n<div class=\"is-layout-flow wp-block-group has-background\" style=\"background-color:#782c00\"><div class=\"wp-block-group__inner-container\">\n<div class=\"is-layout-flex wp-container-3 wp-block-columns\">\n<div class=\"is-layout-flow wp-block-column\">\n<figure class=\"wp-block-image size-large\"><img decoding=\"async\" loading=\"lazy\" width=\"318\" height=\"450\" src=\"https:\/\/www.chickencolours.com\/wp-content\/uploads\/2023\/03\/website-Autosomales-Rot-Udo-Ahrens_1.jpg\" alt=\"\" class=\"wp-image-2895\" srcset=\"https:\/\/www.chickencolours.com\/wp-content\/uploads\/2023\/03\/website-Autosomales-Rot-Udo-Ahrens_1.jpg 318w, https:\/\/www.chickencolours.com\/wp-content\/uploads\/2023\/03\/website-Autosomales-Rot-Udo-Ahrens_1-212x300.jpg 212w\" sizes=\"(max-width: 318px) 100vw, 318px\" \/><\/figure>\n<\/div>\n\n\n\n<div class=\"is-layout-flow wp-block-column\">\n<p><br><strong>Autosomales Rot<\/strong><br><strong>M\u00e4rz 2023 &#8211; Udo Ahrens. <\/strong>  <br>Bei Rot wird zwischen der Grundfarbe Gold, die mit dem Geschlechtschromosom verbunden ist, und autosomalem Rot unterschieden. Darum geht es in diesem 5-seitigen Artikel mit vielen Bildern. Ist autosomales Rot etwas, das unerw\u00fcnscht ist oder ist es sch\u00f6n und kann man es nutzen?<\/p>\n\n\n\n<div class=\"wp-block-file\"><a id=\"wp-block-file--media-2535e8df-8334-498d-9cd3-fb0bd370e016\" href=\"https:\/\/www.chickencolours.com\/wp-content\/uploads\/2023\/03\/Autosomales-Rot-Udo-Ahrens.pdf\">Autosomales-Rot-Udo-Ahrens<\/a><a href=\"https:\/\/www.chickencolours.com\/wp-content\/uploads\/2023\/03\/Autosomales-Rot-Udo-Ahrens.pdf\" class=\"wp-block-file__button wp-element-button\" download aria-describedby=\"wp-block-file--media-2535e8df-8334-498d-9cd3-fb0bd370e016\">Herunterladen<\/a><\/div>\n<\/div>\n<\/div>\n<\/div><\/div>\n\n\n\n<p>Tut mir leid f\u00fcr das h\u00e4ssliche Layout dieser Seite, das ist nach dem Update von WordPress, leider kann ich es nicht wie oben gestalten \u2026<\/p>\n\n\n\n<p class=\"has-text-align-center\">\u2022\u2022\u2022<\/p>\n\n\n\n<hr class=\"wp-block-separator has-alpha-channel-opacity is-style-wide\"\/>\n\n\n\n<p class=\"has-text-align-left\"><strong>Charakter von Dun<\/strong><br><strong>M\u00e4rz 2023. <\/strong>  \u00dcber Dunfarbe und mehr, meine eigene deutsche \u00dcbersetzung des zuvor geschriebenen englischen Artikels. Es ist eine kurze Geschichte \u00fcber eine braune H\u00fchnerfarbe, die etwas weniger beliebt ist als Schokoladefarbig. <\/p>\n\n\n\n<div class=\"wp-block-file\"><object class=\"wp-block-file__embed\" data=\"https:\/\/www.chickencolours.com\/wp-content\/uploads\/2023\/03\/Dunfarbe-2.pdf\" type=\"application\/pdf\" style=\"width:100%;height:910px\" aria-label=\"Embed of Dunfarbe-2.\"><\/object><a id=\"wp-block-file--media-0b62a679-b134-4cfe-bbe4-fa99248d31b9\" href=\"https:\/\/www.chickencolours.com\/wp-content\/uploads\/2023\/03\/Dunfarbe-2.pdf\">Dunfarbe-2<\/a><a href=\"https:\/\/www.chickencolours.com\/wp-content\/uploads\/2023\/03\/Dunfarbe-2.pdf\" class=\"wp-block-file__button wp-element-button\" download aria-describedby=\"wp-block-file--media-0b62a679-b134-4cfe-bbe4-fa99248d31b9\">Herunterladen<\/a><\/div>\n\n\n\n<p class=\"has-text-align-center\">\u2022\u2022\u2022<\/p>\n\n\n\n<hr class=\"wp-block-separator has-alpha-channel-opacity is-style-wide\"\/>\n\n\n\n<p><strong>Genexpression: Dominantes Wei\u00df &#8216;Champagnerfarbe&#8217;<\/strong><br><strong>M\u00e4rz 2023. <\/strong>Dieser Artikel befasst sich mit einem bestimmten Erscheinungsbild von Dominantes Wei\u00df. Es geht um die so genannte Champagnerfarbe (Anmerkung: Ich habe diesen Namen selbst ausgedacht und er ist nicht wissenschaftlich). Wie kommt es zu dieser Farbe und kann man diese Farbe auch in der &#8220;freien H\u00fchnerwildbahn&#8221; sehen? Ja!<br><em>(Eigene \u00dcbersetzung meines englischen Artikels)<\/em><\/p>\n\n\n\n<div class=\"wp-block-file\"><object class=\"wp-block-file__embed\" data=\"https:\/\/www.chickencolours.com\/wp-content\/uploads\/2023\/03\/Dominantes-Weiss-champagnerfarbe-3.pdf\" type=\"application\/pdf\" style=\"width:100%;height:920px\" aria-label=\"Embed of Dominantes-Weiss-champagnerfarbe-3.\"><\/object><a id=\"wp-block-file--media-2f110430-103a-4990-a224-d59c517cc1ab\" href=\"https:\/\/www.chickencolours.com\/wp-content\/uploads\/2023\/03\/Dominantes-Weiss-champagnerfarbe-3.pdf\">Dominantes-Weiss-champagnerfarbe-3<\/a><a href=\"https:\/\/www.chickencolours.com\/wp-content\/uploads\/2023\/03\/Dominantes-Weiss-champagnerfarbe-3.pdf\" class=\"wp-block-file__button wp-element-button\" download aria-describedby=\"wp-block-file--media-2f110430-103a-4990-a224-d59c517cc1ab\">Herunterladen<\/a><\/div>\n\n\n\n<p class=\"has-text-align-center\">\u2022\u2022\u2022<\/p>\n\n\n\n<hr class=\"wp-block-separator has-alpha-channel-opacity is-style-wide\"\/>\n\n\n\n<p><strong>Die vier Blauvarianten<\/strong><br><strong>April 2024. <\/strong>Blau ist eine weit verbreitete und etablierte Gefiederfarbe. Das Gen &#8220;Bl&#8221; ist dominant und autosomal (es wird unabh\u00e4ngig vom Geschlecht vererbt) und hellt schwarzes Pigment in einer einzigen Dosis zu blaugrau auf. Es gibt Unterschiede in der Auspr\u00e4gung dieses Blaus\u2026<\/p>\n\n\n\n<div class=\"wp-block-file\"><object class=\"wp-block-file__embed\" data=\"https:\/\/www.chickencolours.com\/wp-content\/uploads\/2024\/04\/Die-vier-Blauvarianten.pdf\" type=\"application\/pdf\" style=\"width:100%;height:940px\" aria-label=\"Embed of Die-vier-Blauvarianten.\"><\/object><a id=\"wp-block-file--media-13de3642-85f6-499b-88fd-0164041fc48e\" href=\"https:\/\/www.chickencolours.com\/wp-content\/uploads\/2024\/04\/Die-vier-Blauvarianten.pdf\">Die-vier-Blauvarianten<\/a><a href=\"https:\/\/www.chickencolours.com\/wp-content\/uploads\/2024\/04\/Die-vier-Blauvarianten.pdf\" class=\"wp-block-file__button wp-element-button\" download aria-describedby=\"wp-block-file--media-13de3642-85f6-499b-88fd-0164041fc48e\">Heruterladen<\/a><\/div>\n\n\n\n<hr class=\"wp-block-separator has-alpha-channel-opacity is-style-wide\"\/>\n\n\n\n<figure class=\"wp-block-image\"><img decoding=\"async\" src=\"http:\/\/www.chickencolours.com\/wp-content\/uploads\/2019\/12\/divider-veren3-1024x266.png\" alt=\"This image has an empty alt attribute; its file name is divider-veren3-1024x266.png\"\/><\/figure>\n\n\n\n<p><\/p>\n","protected":false},"excerpt":{"rendered":"<p>Artikel \u00fcber H\u00fchnerfarben., siehe auch das Buch Genetik der H\u00fchnerfarben. Autosomales RotM\u00e4rz 2023 &#8211; Udo Ahrens. Bei Rot wird zwischen der Grundfarbe Gold, die mit dem Geschlechtschromosom verbunden ist, und autosomalem Rot unterschieden. Darum geht es in diesem 5-seitigen Artikel mit vielen Bildern. Ist autosomales Rot etwas, das unerw\u00fcnscht ist oder ist es sch\u00f6n und &hellip; <\/p>\n<p class=\"link-more\"><a href=\"https:\/\/www.chickencolours.com\/index.php\/artikel\/\" class=\"more-link\">Continue reading<span class=\"screen-reader-text\"> &#8220;Artikel &#8211; Deutsch&#8221;<\/span><\/a><\/p>\n","protected":false},"author":1,"featured_media":0,"parent":0,"menu_order":0,"comment_status":"closed","ping_status":"closed","template":"","meta":[],"_links":{"self":[{"href":"https:\/\/www.chickencolours.com\/index.php\/wp-json\/wp\/v2\/pages\/2891"}],"collection":[{"href":"https:\/\/www.chickencolours.com\/index.php\/wp-json\/wp\/v2\/pages"}],"about":[{"href":"https:\/\/www.chickencolours.com\/index.php\/wp-json\/wp\/v2\/types\/page"}],"author":[{"embeddable":true,"href":"https:\/\/www.chickencolours.com\/index.php\/wp-json\/wp\/v2\/users\/1"}],"replies":[{"embeddable":true,"href":"https:\/\/www.chickencolours.com\/index.php\/wp-json\/wp\/v2\/comments?post=2891"}],"version-history":[{"count":20,"href":"https:\/\/www.chickencolours.com\/index.php\/wp-json\/wp\/v2\/pages\/2891\/revisions"}],"predecessor-version":[{"id":3173,"href":"https:\/\/www.chickencolours.com\/index.php\/wp-json\/wp\/v2\/pages\/2891\/revisions\/3173"}],"wp:attachment":[{"href":"https:\/\/www.chickencolours.com\/index.php\/wp-json\/wp\/v2\/media?parent=2891"}],"curies":[{"name":"wp","href":"https:\/\/api.w.org\/{rel}","templated":true}]}}