{"id":2417,"date":"2020-09-25T12:09:44","date_gmt":"2020-09-25T12:09:44","guid":{"rendered":"https:\/\/www.chickencolours.com\/?page_id=2417"},"modified":"2024-12-31T13:40:53","modified_gmt":"2024-12-31T13:40:53","slug":"la-genetica-delle-colorazioni-e-estremita-del-pollo","status":"publish","type":"page","link":"https:\/\/www.chickencolours.com\/index.php\/la-genetica-delle-colorazioni-e-estremita-del-pollo\/","title":{"rendered":"La genetica delle colorazioni e estremit\u00e0"},"content":{"rendered":"\n<div class=\"is-layout-flow wp-block-group has-background\" style=\"background-color:#782c00\"><div class=\"wp-block-group__inner-container\">\n<div class=\"is-layout-flex wp-container-3 wp-block-columns\">\n<div class=\"is-layout-flow wp-block-column\" style=\"flex-basis:33.33%\">\n<figure class=\"wp-block-image size-large\"><img decoding=\"async\" loading=\"lazy\" width=\"468\" height=\"660\" src=\"http:\/\/www.chickencolours.com\/wp-content\/uploads\/2019\/12\/ita-colorazioni-cover.jpg\" alt=\"\" class=\"wp-image-501\" srcset=\"https:\/\/www.chickencolours.com\/wp-content\/uploads\/2019\/12\/ita-colorazioni-cover.jpg 468w, https:\/\/www.chickencolours.com\/wp-content\/uploads\/2019\/12\/ita-colorazioni-cover-213x300.jpg 213w\" sizes=\"(max-width: 468px) 100vw, 468px\" \/><\/figure>\n<\/div>\n\n\n\n<div class=\"is-layout-flow wp-block-column\" style=\"flex-basis:66.66%\">\n<p>&#8230;\u00e9 l&#8217;edizione italiana del libro &#8220;Genetics of chicken colours&#8221;. Il  libro \u00e9 stato tradotto in lingua italiana da Saveria Lippera e consta  anche di riferimenti a razze autoctone italiane non presenti  nell&#8217;edizione originale, rispetto alla quale ha un numero maggiore di  pagine. La procedura di ordine \u00e9 effettuata in Olanda, da dove \u00e9 effettuata anche la spedizione. Questa scelta \u00e9 stata compiuta  dall&#8217;autrice per evitare un incremento di prezzo della versione italiana  dell&#8217;opera rispetto all&#8217;edizione inglese; in Italia, difatti, l&#8217;IVA  dovuta sulle autopubblicazioni (quale \u00e9 il libro in questione) \u00e9 fissata  al 22% contro il 9% dell&#8217;Olanda, mentre i costi per la spedizione sono  solo di pochissimo inferiori.<br>Per ordinare il libro pagandolo con carta di credito si pu\u00f2 utilizzare la casella paypal sottostante.<br>Per effettuare un bonifico bancario, si prega invece di inviare una <a href=\"mailto:info@chickencolours.com\" target=\"_blank\" rel=\"noreferrer noopener\" aria-label=\"e-mail (opens in a new tab)\">e-mail<\/a>: verranno trasmessi codice IBAN e BIC del conto sul quale effettuare il versamento del prezzo.<br>Una volta effettuato il pagamento, il tempo di consegna previsto \u00e9 di 4-7 giorni; verr\u00e0 in ogni caso trasmesso all&#8217;acquirente il numero di tracciamento del pacco.<\/p>\n<\/div>\n<\/div>\n\n\n\n<div class=\"is-layout-flex wp-container-8 wp-block-columns\">\n<div class=\"is-layout-flow wp-block-column\">\n<div class=\"is-layout-flow wp-block-group has-very-light-gray-background-color has-background\"><div class=\"wp-block-group__inner-container\">\n<p class=\"has-very-dark-gray-color has-text-color\">&#8220;La genetica delle colorazioni del pollo&#8221;<br> <strong>nel resto del mondo<\/strong>: \u20ac21,95 (tracciabile) \u00e9 in vendita al prezzo di \u20ac75 pi\u00f9 \u20ac2 per l&#8217;imballo che eviter\u00e0 danneggiamenti dovuti al trasporto.<br><br>Disponibile di nuovo su base limitata.<br><br>Totale \u20ac98,95 <\/p>\n\n\n\n<form action=\"https:\/\/www.paypal.com\/cgi-bin\/webscr\" method=\"post\" target=\"_top\">\n  <input type=\"hidden\" name=\"cmd\" value=\"_s-xclick\">\n  <input type=\"hidden\" name=\"hosted_button_id\" value=\"878TP9C8S56YL\">\n  <input type=\"hidden\" name=\"currency_code\" value=\"EUR\">\n  <input type=\"image\" src=\"https:\/\/www.paypalobjects.com\/en_US\/i\/btn\/btn_buynow_SM.gif\" border=\"0\" name=\"submit\" title=\"PayPal - The safer, easier way to pay online!\" alt=\"Buy Now\">\n<\/form>\n<\/div><\/div>\n<\/div>\n\n\n\n<div class=\"is-layout-flow wp-block-column\">\n<div class=\"is-layout-flow wp-block-group has-very-light-gray-background-color has-background\"><div class=\"wp-block-group__inner-container\">\n<p class=\"has-very-dark-gray-color has-text-color\">&#8220;La genetica delle colorazioni del pollo&#8221; <strong>per l&#8217;Italia (ed Europa) <\/strong>\u00e9 in vendita al prezzo di \u20ac75 pi\u00f9 \u20ac2 per l&#8217;imballo che eviter\u00e0 danneggiamenti dovuti al trasporto.<br>Spese postali di invio (tracciabile) : \u20ac12,95.  <br><br>Disponibile di nuovo su base limitata.<br><br>Totale \u20ac89,95 <\/p>\n\n\n\n<form action=\"https:\/\/www.paypal.com\/cgi-bin\/webscr\" method=\"post\" target=\"_top\">\n  <input type=\"hidden\" name=\"cmd\" value=\"_s-xclick\">\n  <input type=\"hidden\" name=\"hosted_button_id\" value=\"HHQYGJUU8BFPA\">\n  <input type=\"hidden\" name=\"currency_code\" value=\"EUR\">\n  <input type=\"image\" src=\"https:\/\/www.paypalobjects.com\/en_US\/NL\/i\/btn\/btn_buynowCC_LG.gif\" border=\"0\" name=\"submit\" title=\"PayPal - The safer, easier way to pay online!\" alt=\"Buy Now\">\n<\/form>\n<\/div><\/div>\n<\/div>\n<\/div>\n<\/div><\/div>\n\n\n\n<p>\u00c8 anche possibile pagare tramite la banca in Europa se si dispone di un numero iban in euro.\u00a0<\/p>\n\n\n<div class=\"wp-block-image\">\n<figure class=\"aligncenter size-large is-resized\"><img decoding=\"async\" loading=\"lazy\" src=\"http:\/\/www.chickencolours.com\/wp-content\/uploads\/2019\/12\/divider-veren2-1024x266.png\" alt=\"\" class=\"wp-image-409\" width=\"256\" height=\"67\" srcset=\"https:\/\/www.chickencolours.com\/wp-content\/uploads\/2019\/12\/divider-veren2-1024x266.png 1024w, https:\/\/www.chickencolours.com\/wp-content\/uploads\/2019\/12\/divider-veren2-300x78.png 300w, https:\/\/www.chickencolours.com\/wp-content\/uploads\/2019\/12\/divider-veren2-768x200.png 768w, https:\/\/www.chickencolours.com\/wp-content\/uploads\/2019\/12\/divider-veren2.png 1100w\" sizes=\"(max-width: 256px) 100vw, 256px\" \/><\/figure><\/div>\n\n\n<p><\/p>\n\n\n\n<div class=\"is-layout-flow wp-block-group has-background\" style=\"background-color:#782c00\"><div class=\"wp-block-group__inner-container\">\n<div class=\"is-layout-flex wp-container-12 wp-block-columns\">\n<div class=\"is-layout-flow wp-block-column\" style=\"flex-basis:33.33%\">\n<figure class=\"wp-block-image size-large\"><img decoding=\"async\" loading=\"lazy\" width=\"466\" height=\"673\" src=\"http:\/\/www.chickencolours.com\/wp-content\/uploads\/2019\/12\/ita-extr-cover.jpg\" alt=\"\" class=\"wp-image-491\" srcset=\"https:\/\/www.chickencolours.com\/wp-content\/uploads\/2019\/12\/ita-extr-cover.jpg 466w, https:\/\/www.chickencolours.com\/wp-content\/uploads\/2019\/12\/ita-extr-cover-208x300.jpg 208w\" sizes=\"(max-width: 466px) 100vw, 466px\" \/><\/figure>\n<\/div>\n\n\n\n<div class=\"is-layout-flow wp-block-column\" style=\"flex-basis:66.66%\">\n<p>\u2026\u00e9 l&#8217;edizione italiana del libro &#8220;Genetics of chicken extremes&#8221;. I libri &#8220;La genetica delle estremit\u00e0 del pollo&#8221; e  &#8220;La genetica delle colorazioni del pollo&#8221;, sono le opere pi\u00f9 complete mai scritte per gli allevatori hobbisti anche in termini di schemi e foto a corredo. Essi sono in grado di fornire all&#8217;allevatore ogni nozione genetica utile per l&#8217;allevamento ornamentale prendendo in considerazione in modo chiaro e comprensibile i fattori genetici alla base di colori e caratteristiche morfologiche.<br>La genetica delle estremit\u00e0 del pollo  prende in considerazione i tratti genetici responsabili delle manifestazioni fenotipiche che differiscono dal &#8220;modello base&#8221; rappresentato dal Gallus Bankiva: creste, morfologia e colore dei tarsi, relative calzature, barba, ciuffi, colore delle uova, nanismo, senza  coda, varie tipologie di piumaggio ecc. Anche molti dei geni letali presenti nel pollame vengono approcciati. <br>Traduzione e riadattamento del testo alla lingua italiana a cura di Saveria Lippera. La procedura di ordine \u00e9 effettuata in Olanda, da dove \u00e9  effettuata anche la spedizione. Questa scelta \u00e9 stata compiuta  dall&#8217;autrice per evitare un incremento di prezzo della versione italiana  dell&#8217;opera rispetto all&#8217;edizione inglese. <\/p>\n\n\n\n<p>Per ordinare il libro pagandolo con carta di credito si pu\u00f2 utilizzare la casella paypal sottostante.<br> Per effettuare un bonifico bancario, si prega invece di inviare una <a href=\"mailto: info@chickencolours.com\">e-mail<\/a>: verranno trasmessi codice IBAN e BIC del conto sul quale effettuare il versamento del prezzo.<br> Una volta effettuato il pagamento, il tempo di consegna previsto \u00e9 di 4-7 giorni; verr\u00e0 in ogni caso trasmesso all&#8217;acquirente il numero di tracciamento del pacco.<\/p>\n\n\n\n<p> <\/p>\n<\/div>\n<\/div>\n\n\n\n<div class=\"is-layout-flex wp-container-17 wp-block-columns\">\n<div class=\"is-layout-flow wp-block-column\">\n<div class=\"is-layout-flow wp-block-group has-very-light-gray-background-color has-background\"><div class=\"wp-block-group__inner-container\">\n<p class=\"has-very-dark-gray-color has-text-color\">La genetica delle estremit\u00e0 del pollo, <br>\u00e9 in vendita al prezzo di \u20ac75 pi\u00f9 \u20ac2 per l&#8217;imballo che eviter\u00e0 danneggiamenti dovuti al trasporto. La spedizione nel resto <strong>del mondo<\/strong>: \u20ac21,95.  <br><br>Disponibile di nuovo su base limitata.<br><br>Totale \u20ac98,95<\/p>\n\n\n\n<form action=\"https:\/\/www.paypal.com\/cgi-bin\/webscr\" method=\"post\" target=\"_top\">\n  <input type=\"hidden\" name=\"cmd\" value=\"_s-xclick\">\n  <input type=\"hidden\" name=\"hosted_button_id\" value=\"AVRX6FYJ4KKUN\">\n  <input type=\"hidden\" name=\"currency_code\" value=\"EUR\">\n  <input type=\"image\" src=\"https:\/\/www.paypalobjects.com\/en_US\/NL\/i\/btn\/btn_buynowCC_LG.gif\" border=\"0\" name=\"submit\" title=\"PayPal - The safer, easier way to pay online!\" alt=\"Buy Now\">\n<\/form>\n<\/div><\/div>\n<\/div>\n\n\n\n<div class=\"is-layout-flow wp-block-column\">\n<div class=\"is-layout-flow wp-block-group has-very-light-gray-background-color has-background\"><div class=\"wp-block-group__inner-container\">\n<p class=\"has-very-dark-gray-color has-text-color\">La genetica delle estremit\u00e0 del pollo, per<strong> l&#8217;Italia (ed Europa)<\/strong> \u00e9 in vendita al prezzo di \u20ac75 pi\u00f9 \u20ac 2 per l&#8217;imballo che eviter\u00e0 danneggiamenti dovuti al trasporto. Spese postali di invio (tracciabile): \u20ac12,95. <br><br>Disponibile di nuovo su base limitata.<br><br>Totale \u20ac89,95<\/p>\n\n\n\n<form action=\"https:\/\/www.paypal.com\/cgi-bin\/webscr\" method=\"post\" target=\"_top\">\n  <input type=\"hidden\" name=\"cmd\" value=\"_s-xclick\">\n  <input type=\"hidden\" name=\"hosted_button_id\" value=\"FFN3R7PT9SUJ6\">\n  <input type=\"hidden\" name=\"currency_code\" value=\"EUR\">\n  <input type=\"image\" src=\"https:\/\/www.paypalobjects.com\/en_US\/NL\/i\/btn\/btn_buynowCC_LG.gif\" border=\"0\" name=\"submit\" title=\"PayPal - The safer, easier way to pay online!\" alt=\"Buy Now\">\n<\/form>\n<\/div><\/div>\n<\/div>\n<\/div>\n<\/div><\/div>\n\n\n\n<p><\/p>\n\n\n\n<p><\/p>\n\n\n<div class=\"wp-block-image\">\n<figure class=\"aligncenter size-large is-resized\"><img decoding=\"async\" loading=\"lazy\" src=\"http:\/\/www.chickencolours.com\/wp-content\/uploads\/2019\/12\/divider-veren1-2-1024x266.png\" alt=\"\" class=\"wp-image-297\" width=\"256\" height=\"67\" srcset=\"https:\/\/www.chickencolours.com\/wp-content\/uploads\/2019\/12\/divider-veren1-2-1024x266.png 1024w, https:\/\/www.chickencolours.com\/wp-content\/uploads\/2019\/12\/divider-veren1-2-300x78.png 300w, https:\/\/www.chickencolours.com\/wp-content\/uploads\/2019\/12\/divider-veren1-2-768x200.png 768w, https:\/\/www.chickencolours.com\/wp-content\/uploads\/2019\/12\/divider-veren1-2.png 1100w\" sizes=\"(max-width: 256px) 100vw, 256px\" \/><\/figure><\/div>\n\n\n<p><\/p>\n\n\n\n<div class=\"is-layout-flow wp-block-group has-background\" style=\"background-color:#782c00\"><div class=\"wp-block-group__inner-container\"><div class=\"wp-block-image\">\n<figure class=\"aligncenter size-large is-resized\"><img decoding=\"async\" loading=\"lazy\" src=\"http:\/\/www.chickencolours.com\/wp-content\/uploads\/2019\/12\/ita-2-covers-witkruis.png\" alt=\"\" class=\"wp-image-545\" width=\"355\" height=\"331\" srcset=\"https:\/\/www.chickencolours.com\/wp-content\/uploads\/2019\/12\/ita-2-covers-witkruis.png 959w, https:\/\/www.chickencolours.com\/wp-content\/uploads\/2019\/12\/ita-2-covers-witkruis-300x280.png 300w, https:\/\/www.chickencolours.com\/wp-content\/uploads\/2019\/12\/ita-2-covers-witkruis-768x718.png 768w\" sizes=\"(max-width: 355px) 100vw, 355px\" \/><\/figure><\/div>\n\n\n<div class=\"is-layout-flex wp-container-23 wp-block-columns\">\n<div class=\"is-layout-flow wp-block-column\">\n<div class=\"is-layout-flow wp-block-group has-very-light-gray-background-color has-background\"><div class=\"wp-block-group__inner-container\">\n<p class=\"has-very-dark-gray-color has-text-color\">La genetica delle estremit\u00e0 del pollo e La genetica delle colorazioni del pollo, nspese postali die invio (tracciabile) <strong>nel resto del mondo<\/strong> \u20ac29,95. <br><br>Disponibile di nuovo su base limitata.<br><br>Totale \u20ac177,95<\/p>\n\n\n\n<form action=\"https:\/\/www.paypal.com\/cgi-bin\/webscr\" method=\"post\" target=\"_top\">\n  <input type=\"hidden\" name=\"cmd\" value=\"_s-xclick\">\n  <input type=\"hidden\" name=\"hosted_button_id\" value=\"AWYDH7W5MV4RY\">\n  <input type=\"hidden\" name=\"currency_code\" value=\"EUR\">\n  <input type=\"image\" src=\"https:\/\/www.paypalobjects.com\/en_US\/NL\/i\/btn\/btn_buynowCC_LG.gif\" border=\"0\" name=\"submit\" title=\"PayPal - The safer, easier way to pay online!\" alt=\"Buy Now\">\n<\/form>\n<\/div><\/div>\n<\/div>\n\n\n\n<div class=\"is-layout-flow wp-block-column\">\n<div class=\"is-layout-flow wp-block-group has-very-light-gray-background-color has-background\"><div class=\"wp-block-group__inner-container\">\n<p class=\"has-very-dark-gray-color has-text-color\">La genetica delle estremit\u00e0 del pollo e La genetica delle colorazioni del pollo, nspese postali die invio (tracciabile) &nbsp;<strong>per l&#8217;Italia (ed Europa)<\/strong> \u20ac16,30. <br><br>Disponibile di nuovo su base limitata.<br><br>Totale \u20ac166,65<\/p>\n\n\n\n<form action=\"https:\/\/www.paypal.com\/cgi-bin\/webscr\" method=\"post\" target=\"_top\">\n  <input type=\"hidden\" name=\"cmd\" value=\"_s-xclick\">\n  <input type=\"hidden\" name=\"hosted_button_id\" value=\"GTL8QMB8KBFTE\">\n  <input type=\"hidden\" name=\"currency_code\" value=\"EUR\">\n  <input type=\"image\" src=\"https:\/\/www.paypalobjects.com\/en_US\/NL\/i\/btn\/btn_buynowCC_LG.gif\" border=\"0\" name=\"submit\" title=\"PayPal - The safer, easier way to pay online!\" alt=\"Buy Now\">\n<\/form>\n<\/div><\/div>\n<\/div>\n<\/div>\n<\/div><\/div>\n\n\n\n<p><\/p>\n\n\n\n<figure class=\"wp-block-image size-large\"><img decoding=\"async\" loading=\"lazy\" width=\"1024\" height=\"266\" src=\"http:\/\/www.chickencolours.com\/wp-content\/uploads\/2019\/12\/divider-veren4-1024x266.png\" alt=\"\" class=\"wp-image-309\" srcset=\"https:\/\/www.chickencolours.com\/wp-content\/uploads\/2019\/12\/divider-veren4-1024x266.png 1024w, https:\/\/www.chickencolours.com\/wp-content\/uploads\/2019\/12\/divider-veren4-300x78.png 300w, https:\/\/www.chickencolours.com\/wp-content\/uploads\/2019\/12\/divider-veren4-768x200.png 768w, https:\/\/www.chickencolours.com\/wp-content\/uploads\/2019\/12\/divider-veren4.png 1100w\" sizes=\"(max-width: 767px) 89vw, (max-width: 1000px) 54vw, (max-width: 1071px) 543px, 580px\" \/><\/figure>\n\n\n\n<p><\/p>\n","protected":false},"excerpt":{"rendered":"<p>&#8230;\u00e9 l&#8217;edizione italiana del libro &#8220;Genetics of chicken colours&#8221;. Il libro \u00e9 stato tradotto in lingua italiana da Saveria Lippera e consta anche di riferimenti a razze autoctone italiane non presenti nell&#8217;edizione originale, rispetto alla quale ha un numero maggiore di pagine. La procedura di ordine \u00e9 effettuata in Olanda, da dove \u00e9 effettuata anche &hellip; <\/p>\n<p class=\"link-more\"><a href=\"https:\/\/www.chickencolours.com\/index.php\/la-genetica-delle-colorazioni-e-estremita-del-pollo\/\" class=\"more-link\">Continue reading<span class=\"screen-reader-text\"> &#8220;La genetica delle colorazioni e estremit\u00e0&#8221;<\/span><\/a><\/p>\n","protected":false},"author":1,"featured_media":0,"parent":0,"menu_order":0,"comment_status":"closed","ping_status":"closed","template":"","meta":[],"_links":{"self":[{"href":"https:\/\/www.chickencolours.com\/index.php\/wp-json\/wp\/v2\/pages\/2417"}],"collection":[{"href":"https:\/\/www.chickencolours.com\/index.php\/wp-json\/wp\/v2\/pages"}],"about":[{"href":"https:\/\/www.chickencolours.com\/index.php\/wp-json\/wp\/v2\/types\/page"}],"author":[{"embeddable":true,"href":"https:\/\/www.chickencolours.com\/index.php\/wp-json\/wp\/v2\/users\/1"}],"replies":[{"embeddable":true,"href":"https:\/\/www.chickencolours.com\/index.php\/wp-json\/wp\/v2\/comments?post=2417"}],"version-history":[{"count":19,"href":"https:\/\/www.chickencolours.com\/index.php\/wp-json\/wp\/v2\/pages\/2417\/revisions"}],"predecessor-version":[{"id":3541,"href":"https:\/\/www.chickencolours.com\/index.php\/wp-json\/wp\/v2\/pages\/2417\/revisions\/3541"}],"wp:attachment":[{"href":"https:\/\/www.chickencolours.com\/index.php\/wp-json\/wp\/v2\/media?parent=2417"}],"curies":[{"name":"wp","href":"https:\/\/api.w.org\/{rel}","templated":true}]}}